{"id":395,"date":"2025-12-16T15:00:32","date_gmt":"2025-12-16T15:00:32","guid":{"rendered":"https:\/\/cdcajasdetransmision.com\/?post_type=product&#038;p=395"},"modified":"2026-01-08T13:29:28","modified_gmt":"2026-01-08T13:29:28","slug":"columna-c-030","status":"publish","type":"product","link":"https:\/\/cdcajasdetransmision.com\/?product=columna-c-030","title":{"rendered":"Columna C-030"},"content":{"rendered":"<p><span style=\"font-weight: 400;\">La columna C-030 es un componente esencial para desmalezadoras de correa plana. Fabricada en fundici\u00f3n nodular, asegura un movimiento fluido y duradero.<\/span><\/p>\n<p><b>Caracter\u00edsticas:<\/b><\/p>\n<ul>\n<li style=\"font-weight: 400;\" aria-level=\"1\"><span style=\"font-weight: 400;\">Relaci\u00f3n: 1:1<\/span><span style=\"font-weight: 400;\"><br \/>\n<\/span><\/li>\n<li style=\"font-weight: 400;\" aria-level=\"1\"><span style=\"font-weight: 400;\">Potencia m\u00e1xima: 100 HP<\/span><span style=\"font-weight: 400;\"><br \/>\n<\/span><\/li>\n<li style=\"font-weight: 400;\" aria-level=\"1\"><span style=\"font-weight: 400;\">Eje y rodamientos de alta calidad<\/span><span style=\"font-weight: 400;\"><br \/>\n<\/span><\/li>\n<li style=\"font-weight: 400;\" aria-level=\"1\"><span style=\"font-weight: 400;\">Dise\u00f1o compacto y f\u00e1cil mantenimiento<\/span><span style=\"font-weight: 400;\"><br \/>\n<\/span><\/li>\n<\/ul>\n<p><b>Aplicaciones:<\/b><b><br \/>\n<\/b><span style=\"font-weight: 400;\"> Se utiliza en conjunto con la caja C-029 MC para el funcionamiento de desmalezadoras de correa plana.\u00a0<\/span><\/p>\n","protected":false},"excerpt":{"rendered":"<p>La columna C-030 es un componente esencial para desmalezadoras de correa plana. Fabricada en fundici\u00f3n nodular, asegura un movimiento fluido y duradero. Caracter\u00edsticas: Relaci\u00f3n: 1:1 Potencia m\u00e1xima: 100 HP Eje y rodamientos de alta calidad Dise\u00f1o compacto y f\u00e1cil mantenimiento Aplicaciones: Se utiliza en conjunto con la caja C-029 MC para el funcionamiento de desmalezadoras [&hellip;]<\/p>\n","protected":false},"featured_media":401,"template":"","meta":{"_et_pb_use_builder":"","_et_pb_old_content":"","_et_gb_content_width":""},"product_brand":[],"product_cat":[29],"product_tag":[],"class_list":{"0":"post-395","1":"product","2":"type-product","3":"status-publish","4":"has-post-thumbnail","6":"product_cat-desmalezadoras","8":"first","9":"instock","10":"shipping-taxable","11":"product-type-simple"},"yoast_head":"<!-- This site is optimized with the Yoast SEO plugin v25.4 - https:\/\/yoast.com\/wordpress\/plugins\/seo\/ -->\n<title>Columna C-030 - CD Cajas de Transminsiones - GDr<\/title>\n<meta name=\"robots\" content=\"index, follow, max-snippet:-1, max-image-preview:large, max-video-preview:-1\" \/>\n<link rel=\"canonical\" href=\"https:\/\/cdcajasdetransmision.com\/?product=columna-c-030\" \/>\n<meta property=\"og:locale\" content=\"es_ES\" \/>\n<meta property=\"og:type\" content=\"article\" \/>\n<meta property=\"og:title\" content=\"Columna C-030 - CD Cajas de Transminsiones - GDr\" \/>\n<meta property=\"og:description\" content=\"La columna C-030 es un componente esencial para desmalezadoras de correa plana. Fabricada en fundici\u00f3n nodular, asegura un movimiento fluido y duradero. Caracter\u00edsticas: Relaci\u00f3n: 1:1 Potencia m\u00e1xima: 100 HP Eje y rodamientos de alta calidad Dise\u00f1o compacto y f\u00e1cil mantenimiento Aplicaciones: Se utiliza en conjunto con la caja C-029 MC para el funcionamiento de desmalezadoras [&hellip;]\" \/>\n<meta property=\"og:url\" content=\"https:\/\/cdcajasdetransmision.com\/?product=columna-c-030\" \/>\n<meta property=\"og:site_name\" content=\"CD Cajas de Transminsiones - GDr\" \/>\n<meta property=\"article:modified_time\" content=\"2026-01-08T13:29:28+00:00\" \/>\n<meta property=\"og:image\" content=\"https:\/\/cdcajasdetransmision.com\/wp-content\/uploads\/2025\/12\/ChatGPT-Image-8-ene-2026-10_29_18.png\" \/>\n\t<meta property=\"og:image:width\" content=\"1024\" \/>\n\t<meta property=\"og:image:height\" content=\"1024\" \/>\n\t<meta property=\"og:image:type\" content=\"image\/png\" \/>\n<meta name=\"twitter:card\" content=\"summary_large_image\" \/>\n<meta name=\"twitter:label1\" content=\"Tiempo de lectura\" \/>\n\t<meta name=\"twitter:data1\" content=\"1 minuto\" \/>\n<script type=\"application\/ld+json\" class=\"yoast-schema-graph\">{\"@context\":\"https:\/\/schema.org\",\"@graph\":[{\"@type\":\"WebPage\",\"@id\":\"https:\/\/cdcajasdetransmision.com\/?product=columna-c-030\",\"url\":\"https:\/\/cdcajasdetransmision.com\/?product=columna-c-030\",\"name\":\"Columna C-030 - CD Cajas de Transminsiones - GDr\",\"isPartOf\":{\"@id\":\"https:\/\/cdcajasdetransmision.com\/#website\"},\"primaryImageOfPage\":{\"@id\":\"https:\/\/cdcajasdetransmision.com\/?product=columna-c-030#primaryimage\"},\"image\":{\"@id\":\"https:\/\/cdcajasdetransmision.com\/?product=columna-c-030#primaryimage\"},\"thumbnailUrl\":\"https:\/\/cdcajasdetransmision.com\/wp-content\/uploads\/2025\/12\/ChatGPT-Image-8-ene-2026-10_29_18.png\",\"datePublished\":\"2025-12-16T15:00:32+00:00\",\"dateModified\":\"2026-01-08T13:29:28+00:00\",\"breadcrumb\":{\"@id\":\"https:\/\/cdcajasdetransmision.com\/?product=columna-c-030#breadcrumb\"},\"inLanguage\":\"es\",\"potentialAction\":[{\"@type\":\"ReadAction\",\"target\":[\"https:\/\/cdcajasdetransmision.com\/?product=columna-c-030\"]}]},{\"@type\":\"ImageObject\",\"inLanguage\":\"es\",\"@id\":\"https:\/\/cdcajasdetransmision.com\/?product=columna-c-030#primaryimage\",\"url\":\"https:\/\/cdcajasdetransmision.com\/wp-content\/uploads\/2025\/12\/ChatGPT-Image-8-ene-2026-10_29_18.png\",\"contentUrl\":\"https:\/\/cdcajasdetransmision.com\/wp-content\/uploads\/2025\/12\/ChatGPT-Image-8-ene-2026-10_29_18.png\",\"width\":1024,\"height\":1024},{\"@type\":\"BreadcrumbList\",\"@id\":\"https:\/\/cdcajasdetransmision.com\/?product=columna-c-030#breadcrumb\",\"itemListElement\":[{\"@type\":\"ListItem\",\"position\":1,\"name\":\"Portada\",\"item\":\"https:\/\/cdcajasdetransmision.com\/\"},{\"@type\":\"ListItem\",\"position\":2,\"name\":\"Productos\",\"item\":\"https:\/\/cdcajasdetransmision.com\/?page_id=175\"},{\"@type\":\"ListItem\",\"position\":3,\"name\":\"Columna C-030\"}]},{\"@type\":\"WebSite\",\"@id\":\"https:\/\/cdcajasdetransmision.com\/#website\",\"url\":\"https:\/\/cdcajasdetransmision.com\/\",\"name\":\"CD Cajas de Transminsiones - GDr\",\"description\":\"SOMOS PROVEEDORES DE INDUTRIAS METALURGICAS. FABRICANTE DE IMPLEMENTOS AGRICOLAS Y MAQUINARIAS DONDE SE REQUIERA TRANSMISION MECANICA DE POTENCIA , LINEAL O ANGULAR.\",\"potentialAction\":[{\"@type\":\"SearchAction\",\"target\":{\"@type\":\"EntryPoint\",\"urlTemplate\":\"https:\/\/cdcajasdetransmision.com\/?s={search_term_string}\"},\"query-input\":{\"@type\":\"PropertyValueSpecification\",\"valueRequired\":true,\"valueName\":\"search_term_string\"}}],\"inLanguage\":\"es\"}]}<\/script>\n<!-- \/ Yoast SEO plugin. -->","yoast_head_json":{"title":"Columna C-030 - CD Cajas de Transminsiones - GDr","robots":{"index":"index","follow":"follow","max-snippet":"max-snippet:-1","max-image-preview":"max-image-preview:large","max-video-preview":"max-video-preview:-1"},"canonical":"https:\/\/cdcajasdetransmision.com\/?product=columna-c-030","og_locale":"es_ES","og_type":"article","og_title":"Columna C-030 - CD Cajas de Transminsiones - GDr","og_description":"La columna C-030 es un componente esencial para desmalezadoras de correa plana. Fabricada en fundici\u00f3n nodular, asegura un movimiento fluido y duradero. Caracter\u00edsticas: Relaci\u00f3n: 1:1 Potencia m\u00e1xima: 100 HP Eje y rodamientos de alta calidad Dise\u00f1o compacto y f\u00e1cil mantenimiento Aplicaciones: Se utiliza en conjunto con la caja C-029 MC para el funcionamiento de desmalezadoras [&hellip;]","og_url":"https:\/\/cdcajasdetransmision.com\/?product=columna-c-030","og_site_name":"CD Cajas de Transminsiones - GDr","article_modified_time":"2026-01-08T13:29:28+00:00","og_image":[{"width":1024,"height":1024,"url":"https:\/\/cdcajasdetransmision.com\/wp-content\/uploads\/2025\/12\/ChatGPT-Image-8-ene-2026-10_29_18.png","type":"image\/png"}],"twitter_card":"summary_large_image","twitter_misc":{"Tiempo de lectura":"1 minuto"},"schema":{"@context":"https:\/\/schema.org","@graph":[{"@type":"WebPage","@id":"https:\/\/cdcajasdetransmision.com\/?product=columna-c-030","url":"https:\/\/cdcajasdetransmision.com\/?product=columna-c-030","name":"Columna C-030 - CD Cajas de Transminsiones - GDr","isPartOf":{"@id":"https:\/\/cdcajasdetransmision.com\/#website"},"primaryImageOfPage":{"@id":"https:\/\/cdcajasdetransmision.com\/?product=columna-c-030#primaryimage"},"image":{"@id":"https:\/\/cdcajasdetransmision.com\/?product=columna-c-030#primaryimage"},"thumbnailUrl":"https:\/\/cdcajasdetransmision.com\/wp-content\/uploads\/2025\/12\/ChatGPT-Image-8-ene-2026-10_29_18.png","datePublished":"2025-12-16T15:00:32+00:00","dateModified":"2026-01-08T13:29:28+00:00","breadcrumb":{"@id":"https:\/\/cdcajasdetransmision.com\/?product=columna-c-030#breadcrumb"},"inLanguage":"es","potentialAction":[{"@type":"ReadAction","target":["https:\/\/cdcajasdetransmision.com\/?product=columna-c-030"]}]},{"@type":"ImageObject","inLanguage":"es","@id":"https:\/\/cdcajasdetransmision.com\/?product=columna-c-030#primaryimage","url":"https:\/\/cdcajasdetransmision.com\/wp-content\/uploads\/2025\/12\/ChatGPT-Image-8-ene-2026-10_29_18.png","contentUrl":"https:\/\/cdcajasdetransmision.com\/wp-content\/uploads\/2025\/12\/ChatGPT-Image-8-ene-2026-10_29_18.png","width":1024,"height":1024},{"@type":"BreadcrumbList","@id":"https:\/\/cdcajasdetransmision.com\/?product=columna-c-030#breadcrumb","itemListElement":[{"@type":"ListItem","position":1,"name":"Portada","item":"https:\/\/cdcajasdetransmision.com\/"},{"@type":"ListItem","position":2,"name":"Productos","item":"https:\/\/cdcajasdetransmision.com\/?page_id=175"},{"@type":"ListItem","position":3,"name":"Columna C-030"}]},{"@type":"WebSite","@id":"https:\/\/cdcajasdetransmision.com\/#website","url":"https:\/\/cdcajasdetransmision.com\/","name":"CD Cajas de Transminsiones - GDr","description":"SOMOS PROVEEDORES DE INDUTRIAS METALURGICAS. FABRICANTE DE IMPLEMENTOS AGRICOLAS Y MAQUINARIAS DONDE SE REQUIERA TRANSMISION MECANICA DE POTENCIA , LINEAL O ANGULAR.","potentialAction":[{"@type":"SearchAction","target":{"@type":"EntryPoint","urlTemplate":"https:\/\/cdcajasdetransmision.com\/?s={search_term_string}"},"query-input":{"@type":"PropertyValueSpecification","valueRequired":true,"valueName":"search_term_string"}}],"inLanguage":"es"}]}},"_links":{"self":[{"href":"https:\/\/cdcajasdetransmision.com\/index.php?rest_route=\/wp\/v2\/product\/395","targetHints":{"allow":["GET"]}}],"collection":[{"href":"https:\/\/cdcajasdetransmision.com\/index.php?rest_route=\/wp\/v2\/product"}],"about":[{"href":"https:\/\/cdcajasdetransmision.com\/index.php?rest_route=\/wp\/v2\/types\/product"}],"wp:featuredmedia":[{"embeddable":true,"href":"https:\/\/cdcajasdetransmision.com\/index.php?rest_route=\/wp\/v2\/media\/401"}],"wp:attachment":[{"href":"https:\/\/cdcajasdetransmision.com\/index.php?rest_route=%2Fwp%2Fv2%2Fmedia&parent=395"}],"wp:term":[{"taxonomy":"product_brand","embeddable":true,"href":"https:\/\/cdcajasdetransmision.com\/index.php?rest_route=%2Fwp%2Fv2%2Fproduct_brand&post=395"},{"taxonomy":"product_cat","embeddable":true,"href":"https:\/\/cdcajasdetransmision.com\/index.php?rest_route=%2Fwp%2Fv2%2Fproduct_cat&post=395"},{"taxonomy":"product_tag","embeddable":true,"href":"https:\/\/cdcajasdetransmision.com\/index.php?rest_route=%2Fwp%2Fv2%2Fproduct_tag&post=395"}],"curies":[{"name":"wp","href":"https:\/\/api.w.org\/{rel}","templated":true}]}}