{"id":394,"date":"2025-12-16T14:59:27","date_gmt":"2025-12-16T14:59:27","guid":{"rendered":"https:\/\/cdcajasdetransmision.com\/?post_type=product&#038;p=394"},"modified":"2025-12-16T14:59:27","modified_gmt":"2025-12-16T14:59:27","slug":"caja-c-036-para-desmalezadora-articulada","status":"publish","type":"product","link":"https:\/\/cdcajasdetransmision.com\/?product=caja-c-036-para-desmalezadora-articulada","title":{"rendered":"Caja C-036 para Desmalezadora Articulada"},"content":{"rendered":"<p><span style=\"font-weight: 400;\">Caja principal para desmalezadoras articuladas de arrastre, dise\u00f1ada para recibir la potencia del tractor y distribuirla a las cajas secundarias. Su construcci\u00f3n s\u00f3lida garantiza un rendimiento confiable en maquinaria vial.<\/span><\/p>\n<p><b>Caracter\u00edsticas:<\/b><\/p>\n<ul>\n<li style=\"font-weight: 400;\" aria-level=\"1\"><span style=\"font-weight: 400;\">Relaci\u00f3n: 1:1<\/span><span style=\"font-weight: 400;\"><br \/>\n<\/span><\/li>\n<li style=\"font-weight: 400;\" aria-level=\"1\"><span style=\"font-weight: 400;\">Potencia m\u00e1xima: 110 HP<\/span><span style=\"font-weight: 400;\"><br \/>\n<\/span><\/li>\n<li style=\"font-weight: 400;\" aria-level=\"1\"><span style=\"font-weight: 400;\">Conjunto armado completo C-036<\/span><span style=\"font-weight: 400;\"><br \/>\n<\/span><\/li>\n<li style=\"font-weight: 400;\" aria-level=\"1\"><span style=\"font-weight: 400;\">Estructura reforzada<\/span><span style=\"font-weight: 400;\"><br \/>\n<\/span><\/li>\n<\/ul>\n<p><b>Aplicaciones:<\/b><b><br \/>\n<\/b><span style=\"font-weight: 400;\"> Desmalezadoras articuladas de arrastre de uso vial (combinadas con 3 cajas C-045, C-048 o C-048 MLR).<\/span><\/p>\n","protected":false},"excerpt":{"rendered":"<p>Caja principal para desmalezadoras articuladas de arrastre, dise\u00f1ada para recibir la potencia del tractor y distribuirla a las cajas secundarias. Su construcci\u00f3n s\u00f3lida garantiza un rendimiento confiable en maquinaria vial. Caracter\u00edsticas: Relaci\u00f3n: 1:1 Potencia m\u00e1xima: 110 HP Conjunto armado completo C-036 Estructura reforzada Aplicaciones: Desmalezadoras articuladas de arrastre de uso vial (combinadas con 3 cajas [&hellip;]<\/p>\n","protected":false},"featured_media":0,"template":"","meta":{"_et_pb_use_builder":"","_et_pb_old_content":"","_et_gb_content_width":""},"product_brand":[],"product_cat":[29],"product_tag":[],"class_list":{"0":"post-394","1":"product","2":"type-product","3":"status-publish","5":"product_cat-desmalezadoras","7":"first","8":"instock","9":"shipping-taxable","10":"product-type-simple"},"yoast_head":"<!-- This site is optimized with the Yoast SEO plugin v25.4 - https:\/\/yoast.com\/wordpress\/plugins\/seo\/ -->\n<title>Caja C-036 para Desmalezadora Articulada - CD Cajas de Transminsiones - GDr<\/title>\n<meta name=\"robots\" content=\"index, follow, max-snippet:-1, max-image-preview:large, max-video-preview:-1\" \/>\n<link rel=\"canonical\" href=\"https:\/\/cdcajasdetransmision.com\/?product=caja-c-036-para-desmalezadora-articulada\" \/>\n<meta property=\"og:locale\" content=\"es_ES\" \/>\n<meta property=\"og:type\" content=\"article\" \/>\n<meta property=\"og:title\" content=\"Caja C-036 para Desmalezadora Articulada - CD Cajas de Transminsiones - GDr\" \/>\n<meta property=\"og:description\" content=\"Caja principal para desmalezadoras articuladas de arrastre, dise\u00f1ada para recibir la potencia del tractor y distribuirla a las cajas secundarias. Su construcci\u00f3n s\u00f3lida garantiza un rendimiento confiable en maquinaria vial. Caracter\u00edsticas: Relaci\u00f3n: 1:1 Potencia m\u00e1xima: 110 HP Conjunto armado completo C-036 Estructura reforzada Aplicaciones: Desmalezadoras articuladas de arrastre de uso vial (combinadas con 3 cajas [&hellip;]\" \/>\n<meta property=\"og:url\" content=\"https:\/\/cdcajasdetransmision.com\/?product=caja-c-036-para-desmalezadora-articulada\" \/>\n<meta property=\"og:site_name\" content=\"CD Cajas de Transminsiones - GDr\" \/>\n<meta name=\"twitter:card\" content=\"summary_large_image\" \/>\n<meta name=\"twitter:label1\" content=\"Tiempo de lectura\" \/>\n\t<meta name=\"twitter:data1\" content=\"1 minuto\" \/>\n<script type=\"application\/ld+json\" class=\"yoast-schema-graph\">{\"@context\":\"https:\/\/schema.org\",\"@graph\":[{\"@type\":\"WebPage\",\"@id\":\"https:\/\/cdcajasdetransmision.com\/?product=caja-c-036-para-desmalezadora-articulada\",\"url\":\"https:\/\/cdcajasdetransmision.com\/?product=caja-c-036-para-desmalezadora-articulada\",\"name\":\"Caja C-036 para Desmalezadora Articulada - CD Cajas de Transminsiones - GDr\",\"isPartOf\":{\"@id\":\"https:\/\/cdcajasdetransmision.com\/#website\"},\"datePublished\":\"2025-12-16T14:59:27+00:00\",\"breadcrumb\":{\"@id\":\"https:\/\/cdcajasdetransmision.com\/?product=caja-c-036-para-desmalezadora-articulada#breadcrumb\"},\"inLanguage\":\"es\",\"potentialAction\":[{\"@type\":\"ReadAction\",\"target\":[\"https:\/\/cdcajasdetransmision.com\/?product=caja-c-036-para-desmalezadora-articulada\"]}]},{\"@type\":\"BreadcrumbList\",\"@id\":\"https:\/\/cdcajasdetransmision.com\/?product=caja-c-036-para-desmalezadora-articulada#breadcrumb\",\"itemListElement\":[{\"@type\":\"ListItem\",\"position\":1,\"name\":\"Portada\",\"item\":\"https:\/\/cdcajasdetransmision.com\/\"},{\"@type\":\"ListItem\",\"position\":2,\"name\":\"Productos\",\"item\":\"https:\/\/cdcajasdetransmision.com\/?page_id=175\"},{\"@type\":\"ListItem\",\"position\":3,\"name\":\"Caja C-036 para Desmalezadora Articulada\"}]},{\"@type\":\"WebSite\",\"@id\":\"https:\/\/cdcajasdetransmision.com\/#website\",\"url\":\"https:\/\/cdcajasdetransmision.com\/\",\"name\":\"CD Cajas de Transminsiones - GDr\",\"description\":\"SOMOS PROVEEDORES DE INDUTRIAS METALURGICAS. FABRICANTE DE IMPLEMENTOS AGRICOLAS Y MAQUINARIAS DONDE SE REQUIERA TRANSMISION MECANICA DE POTENCIA , LINEAL O ANGULAR.\",\"potentialAction\":[{\"@type\":\"SearchAction\",\"target\":{\"@type\":\"EntryPoint\",\"urlTemplate\":\"https:\/\/cdcajasdetransmision.com\/?s={search_term_string}\"},\"query-input\":{\"@type\":\"PropertyValueSpecification\",\"valueRequired\":true,\"valueName\":\"search_term_string\"}}],\"inLanguage\":\"es\"}]}<\/script>\n<!-- \/ Yoast SEO plugin. -->","yoast_head_json":{"title":"Caja C-036 para Desmalezadora Articulada - CD Cajas de Transminsiones - GDr","robots":{"index":"index","follow":"follow","max-snippet":"max-snippet:-1","max-image-preview":"max-image-preview:large","max-video-preview":"max-video-preview:-1"},"canonical":"https:\/\/cdcajasdetransmision.com\/?product=caja-c-036-para-desmalezadora-articulada","og_locale":"es_ES","og_type":"article","og_title":"Caja C-036 para Desmalezadora Articulada - CD Cajas de Transminsiones - GDr","og_description":"Caja principal para desmalezadoras articuladas de arrastre, dise\u00f1ada para recibir la potencia del tractor y distribuirla a las cajas secundarias. Su construcci\u00f3n s\u00f3lida garantiza un rendimiento confiable en maquinaria vial. Caracter\u00edsticas: Relaci\u00f3n: 1:1 Potencia m\u00e1xima: 110 HP Conjunto armado completo C-036 Estructura reforzada Aplicaciones: Desmalezadoras articuladas de arrastre de uso vial (combinadas con 3 cajas [&hellip;]","og_url":"https:\/\/cdcajasdetransmision.com\/?product=caja-c-036-para-desmalezadora-articulada","og_site_name":"CD Cajas de Transminsiones - GDr","twitter_card":"summary_large_image","twitter_misc":{"Tiempo de lectura":"1 minuto"},"schema":{"@context":"https:\/\/schema.org","@graph":[{"@type":"WebPage","@id":"https:\/\/cdcajasdetransmision.com\/?product=caja-c-036-para-desmalezadora-articulada","url":"https:\/\/cdcajasdetransmision.com\/?product=caja-c-036-para-desmalezadora-articulada","name":"Caja C-036 para Desmalezadora Articulada - CD Cajas de Transminsiones - GDr","isPartOf":{"@id":"https:\/\/cdcajasdetransmision.com\/#website"},"datePublished":"2025-12-16T14:59:27+00:00","breadcrumb":{"@id":"https:\/\/cdcajasdetransmision.com\/?product=caja-c-036-para-desmalezadora-articulada#breadcrumb"},"inLanguage":"es","potentialAction":[{"@type":"ReadAction","target":["https:\/\/cdcajasdetransmision.com\/?product=caja-c-036-para-desmalezadora-articulada"]}]},{"@type":"BreadcrumbList","@id":"https:\/\/cdcajasdetransmision.com\/?product=caja-c-036-para-desmalezadora-articulada#breadcrumb","itemListElement":[{"@type":"ListItem","position":1,"name":"Portada","item":"https:\/\/cdcajasdetransmision.com\/"},{"@type":"ListItem","position":2,"name":"Productos","item":"https:\/\/cdcajasdetransmision.com\/?page_id=175"},{"@type":"ListItem","position":3,"name":"Caja C-036 para Desmalezadora Articulada"}]},{"@type":"WebSite","@id":"https:\/\/cdcajasdetransmision.com\/#website","url":"https:\/\/cdcajasdetransmision.com\/","name":"CD Cajas de Transminsiones - GDr","description":"SOMOS PROVEEDORES DE INDUTRIAS METALURGICAS. FABRICANTE DE IMPLEMENTOS AGRICOLAS Y MAQUINARIAS DONDE SE REQUIERA TRANSMISION MECANICA DE POTENCIA , LINEAL O ANGULAR.","potentialAction":[{"@type":"SearchAction","target":{"@type":"EntryPoint","urlTemplate":"https:\/\/cdcajasdetransmision.com\/?s={search_term_string}"},"query-input":{"@type":"PropertyValueSpecification","valueRequired":true,"valueName":"search_term_string"}}],"inLanguage":"es"}]}},"_links":{"self":[{"href":"https:\/\/cdcajasdetransmision.com\/index.php?rest_route=\/wp\/v2\/product\/394","targetHints":{"allow":["GET"]}}],"collection":[{"href":"https:\/\/cdcajasdetransmision.com\/index.php?rest_route=\/wp\/v2\/product"}],"about":[{"href":"https:\/\/cdcajasdetransmision.com\/index.php?rest_route=\/wp\/v2\/types\/product"}],"wp:attachment":[{"href":"https:\/\/cdcajasdetransmision.com\/index.php?rest_route=%2Fwp%2Fv2%2Fmedia&parent=394"}],"wp:term":[{"taxonomy":"product_brand","embeddable":true,"href":"https:\/\/cdcajasdetransmision.com\/index.php?rest_route=%2Fwp%2Fv2%2Fproduct_brand&post=394"},{"taxonomy":"product_cat","embeddable":true,"href":"https:\/\/cdcajasdetransmision.com\/index.php?rest_route=%2Fwp%2Fv2%2Fproduct_cat&post=394"},{"taxonomy":"product_tag","embeddable":true,"href":"https:\/\/cdcajasdetransmision.com\/index.php?rest_route=%2Fwp%2Fv2%2Fproduct_tag&post=394"}],"curies":[{"name":"wp","href":"https:\/\/api.w.org\/{rel}","templated":true}]}}