{"id":391,"date":"2025-12-16T14:51:57","date_gmt":"2025-12-16T14:51:57","guid":{"rendered":"https:\/\/cdcajasdetransmision.com\/?post_type=product&#038;p=391"},"modified":"2025-12-16T14:51:59","modified_gmt":"2025-12-16T14:51:59","slug":"caja-c-048-ern-reforzada","status":"publish","type":"product","link":"https:\/\/cdcajasdetransmision.com\/?product=caja-c-048-ern-reforzada","title":{"rendered":"Caja C-048 ERN (Reforzada)"},"content":{"rendered":"<p><span style=\"font-weight: 400;\">La C-048 ERN es una versi\u00f3n reforzada de la C-048, dise\u00f1ada para desmalezadoras de mayor tama\u00f1o. Ofrece una excelente transmisi\u00f3n de potencia y una estructura m\u00e1s robusta, ideal para trabajos intensivos.<\/span><\/p>\n<p><b>Caracter\u00edsticas:<\/b><\/p>\n<ul>\n<li style=\"font-weight: 400;\" aria-level=\"1\"><span style=\"font-weight: 400;\">Relaci\u00f3n: 1:1 o 1:1,33<\/span><span style=\"font-weight: 400;\"><br \/>\n<\/span><\/li>\n<li style=\"font-weight: 400;\" aria-level=\"1\"><span style=\"font-weight: 400;\">Potencia m\u00e1xima: 75 HP<\/span><span style=\"font-weight: 400;\"><br \/>\n<\/span><\/li>\n<li style=\"font-weight: 400;\" aria-level=\"1\"><span style=\"font-weight: 400;\">Construcci\u00f3n reforzada con materiales de alta durabilidad<\/span><span style=\"font-weight: 400;\"><br \/>\n<\/span><\/li>\n<li style=\"font-weight: 400;\" aria-level=\"1\"><span style=\"font-weight: 400;\">Montaje sencillo y adaptable<\/span><span style=\"font-weight: 400;\"><br \/>\n<\/span><\/li>\n<\/ul>\n<p><b>Aplicaciones:<\/b><b><br \/>\n<\/b><span style=\"font-weight: 400;\"> Desmalezadoras de arrastre de hasta 2 metros de h\u00e9lice.<\/span><\/p>\n","protected":false},"excerpt":{"rendered":"<p>La C-048 ERN es una versi\u00f3n reforzada de la C-048, dise\u00f1ada para desmalezadoras de mayor tama\u00f1o. Ofrece una excelente transmisi\u00f3n de potencia y una estructura m\u00e1s robusta, ideal para trabajos intensivos. Caracter\u00edsticas: Relaci\u00f3n: 1:1 o 1:1,33 Potencia m\u00e1xima: 75 HP Construcci\u00f3n reforzada con materiales de alta durabilidad Montaje sencillo y adaptable Aplicaciones: Desmalezadoras de arrastre [&hellip;]<\/p>\n","protected":false},"featured_media":0,"template":"","meta":{"_et_pb_use_builder":"","_et_pb_old_content":"","_et_gb_content_width":""},"product_brand":[],"product_cat":[29],"product_tag":[],"class_list":{"0":"post-391","1":"product","2":"type-product","3":"status-publish","5":"product_cat-desmalezadoras","7":"first","8":"instock","9":"shipping-taxable","10":"product-type-simple"},"yoast_head":"<!-- This site is optimized with the Yoast SEO plugin v25.4 - https:\/\/yoast.com\/wordpress\/plugins\/seo\/ -->\n<title>Caja C-048 ERN (Reforzada) - CD Cajas de Transminsiones - GDr<\/title>\n<meta name=\"robots\" content=\"index, follow, max-snippet:-1, max-image-preview:large, max-video-preview:-1\" \/>\n<link rel=\"canonical\" href=\"https:\/\/cdcajasdetransmision.com\/?product=caja-c-048-ern-reforzada\" \/>\n<meta property=\"og:locale\" content=\"es_ES\" \/>\n<meta property=\"og:type\" content=\"article\" \/>\n<meta property=\"og:title\" content=\"Caja C-048 ERN (Reforzada) - CD Cajas de Transminsiones - GDr\" \/>\n<meta property=\"og:description\" content=\"La C-048 ERN es una versi\u00f3n reforzada de la C-048, dise\u00f1ada para desmalezadoras de mayor tama\u00f1o. Ofrece una excelente transmisi\u00f3n de potencia y una estructura m\u00e1s robusta, ideal para trabajos intensivos. Caracter\u00edsticas: Relaci\u00f3n: 1:1 o 1:1,33 Potencia m\u00e1xima: 75 HP Construcci\u00f3n reforzada con materiales de alta durabilidad Montaje sencillo y adaptable Aplicaciones: Desmalezadoras de arrastre [&hellip;]\" \/>\n<meta property=\"og:url\" content=\"https:\/\/cdcajasdetransmision.com\/?product=caja-c-048-ern-reforzada\" \/>\n<meta property=\"og:site_name\" content=\"CD Cajas de Transminsiones - GDr\" \/>\n<meta property=\"article:modified_time\" content=\"2025-12-16T14:51:59+00:00\" \/>\n<meta name=\"twitter:card\" content=\"summary_large_image\" \/>\n<meta name=\"twitter:label1\" content=\"Tiempo de lectura\" \/>\n\t<meta name=\"twitter:data1\" content=\"1 minuto\" \/>\n<script type=\"application\/ld+json\" class=\"yoast-schema-graph\">{\"@context\":\"https:\/\/schema.org\",\"@graph\":[{\"@type\":\"WebPage\",\"@id\":\"https:\/\/cdcajasdetransmision.com\/?product=caja-c-048-ern-reforzada\",\"url\":\"https:\/\/cdcajasdetransmision.com\/?product=caja-c-048-ern-reforzada\",\"name\":\"Caja C-048 ERN (Reforzada) - CD Cajas de Transminsiones - GDr\",\"isPartOf\":{\"@id\":\"https:\/\/cdcajasdetransmision.com\/#website\"},\"datePublished\":\"2025-12-16T14:51:57+00:00\",\"dateModified\":\"2025-12-16T14:51:59+00:00\",\"breadcrumb\":{\"@id\":\"https:\/\/cdcajasdetransmision.com\/?product=caja-c-048-ern-reforzada#breadcrumb\"},\"inLanguage\":\"es\",\"potentialAction\":[{\"@type\":\"ReadAction\",\"target\":[\"https:\/\/cdcajasdetransmision.com\/?product=caja-c-048-ern-reforzada\"]}]},{\"@type\":\"BreadcrumbList\",\"@id\":\"https:\/\/cdcajasdetransmision.com\/?product=caja-c-048-ern-reforzada#breadcrumb\",\"itemListElement\":[{\"@type\":\"ListItem\",\"position\":1,\"name\":\"Portada\",\"item\":\"https:\/\/cdcajasdetransmision.com\/\"},{\"@type\":\"ListItem\",\"position\":2,\"name\":\"Productos\",\"item\":\"https:\/\/cdcajasdetransmision.com\/?page_id=175\"},{\"@type\":\"ListItem\",\"position\":3,\"name\":\"Caja C-048 ERN (Reforzada)\"}]},{\"@type\":\"WebSite\",\"@id\":\"https:\/\/cdcajasdetransmision.com\/#website\",\"url\":\"https:\/\/cdcajasdetransmision.com\/\",\"name\":\"CD Cajas de Transminsiones - GDr\",\"description\":\"SOMOS PROVEEDORES DE INDUTRIAS METALURGICAS. FABRICANTE DE IMPLEMENTOS AGRICOLAS Y MAQUINARIAS DONDE SE REQUIERA TRANSMISION MECANICA DE POTENCIA , LINEAL O ANGULAR.\",\"potentialAction\":[{\"@type\":\"SearchAction\",\"target\":{\"@type\":\"EntryPoint\",\"urlTemplate\":\"https:\/\/cdcajasdetransmision.com\/?s={search_term_string}\"},\"query-input\":{\"@type\":\"PropertyValueSpecification\",\"valueRequired\":true,\"valueName\":\"search_term_string\"}}],\"inLanguage\":\"es\"}]}<\/script>\n<!-- \/ Yoast SEO plugin. -->","yoast_head_json":{"title":"Caja C-048 ERN (Reforzada) - CD Cajas de Transminsiones - GDr","robots":{"index":"index","follow":"follow","max-snippet":"max-snippet:-1","max-image-preview":"max-image-preview:large","max-video-preview":"max-video-preview:-1"},"canonical":"https:\/\/cdcajasdetransmision.com\/?product=caja-c-048-ern-reforzada","og_locale":"es_ES","og_type":"article","og_title":"Caja C-048 ERN (Reforzada) - CD Cajas de Transminsiones - GDr","og_description":"La C-048 ERN es una versi\u00f3n reforzada de la C-048, dise\u00f1ada para desmalezadoras de mayor tama\u00f1o. Ofrece una excelente transmisi\u00f3n de potencia y una estructura m\u00e1s robusta, ideal para trabajos intensivos. Caracter\u00edsticas: Relaci\u00f3n: 1:1 o 1:1,33 Potencia m\u00e1xima: 75 HP Construcci\u00f3n reforzada con materiales de alta durabilidad Montaje sencillo y adaptable Aplicaciones: Desmalezadoras de arrastre [&hellip;]","og_url":"https:\/\/cdcajasdetransmision.com\/?product=caja-c-048-ern-reforzada","og_site_name":"CD Cajas de Transminsiones - GDr","article_modified_time":"2025-12-16T14:51:59+00:00","twitter_card":"summary_large_image","twitter_misc":{"Tiempo de lectura":"1 minuto"},"schema":{"@context":"https:\/\/schema.org","@graph":[{"@type":"WebPage","@id":"https:\/\/cdcajasdetransmision.com\/?product=caja-c-048-ern-reforzada","url":"https:\/\/cdcajasdetransmision.com\/?product=caja-c-048-ern-reforzada","name":"Caja C-048 ERN (Reforzada) - CD Cajas de Transminsiones - GDr","isPartOf":{"@id":"https:\/\/cdcajasdetransmision.com\/#website"},"datePublished":"2025-12-16T14:51:57+00:00","dateModified":"2025-12-16T14:51:59+00:00","breadcrumb":{"@id":"https:\/\/cdcajasdetransmision.com\/?product=caja-c-048-ern-reforzada#breadcrumb"},"inLanguage":"es","potentialAction":[{"@type":"ReadAction","target":["https:\/\/cdcajasdetransmision.com\/?product=caja-c-048-ern-reforzada"]}]},{"@type":"BreadcrumbList","@id":"https:\/\/cdcajasdetransmision.com\/?product=caja-c-048-ern-reforzada#breadcrumb","itemListElement":[{"@type":"ListItem","position":1,"name":"Portada","item":"https:\/\/cdcajasdetransmision.com\/"},{"@type":"ListItem","position":2,"name":"Productos","item":"https:\/\/cdcajasdetransmision.com\/?page_id=175"},{"@type":"ListItem","position":3,"name":"Caja C-048 ERN (Reforzada)"}]},{"@type":"WebSite","@id":"https:\/\/cdcajasdetransmision.com\/#website","url":"https:\/\/cdcajasdetransmision.com\/","name":"CD Cajas de Transminsiones - GDr","description":"SOMOS PROVEEDORES DE INDUTRIAS METALURGICAS. FABRICANTE DE IMPLEMENTOS AGRICOLAS Y MAQUINARIAS DONDE SE REQUIERA TRANSMISION MECANICA DE POTENCIA , LINEAL O ANGULAR.","potentialAction":[{"@type":"SearchAction","target":{"@type":"EntryPoint","urlTemplate":"https:\/\/cdcajasdetransmision.com\/?s={search_term_string}"},"query-input":{"@type":"PropertyValueSpecification","valueRequired":true,"valueName":"search_term_string"}}],"inLanguage":"es"}]}},"_links":{"self":[{"href":"https:\/\/cdcajasdetransmision.com\/index.php?rest_route=\/wp\/v2\/product\/391","targetHints":{"allow":["GET"]}}],"collection":[{"href":"https:\/\/cdcajasdetransmision.com\/index.php?rest_route=\/wp\/v2\/product"}],"about":[{"href":"https:\/\/cdcajasdetransmision.com\/index.php?rest_route=\/wp\/v2\/types\/product"}],"wp:attachment":[{"href":"https:\/\/cdcajasdetransmision.com\/index.php?rest_route=%2Fwp%2Fv2%2Fmedia&parent=391"}],"wp:term":[{"taxonomy":"product_brand","embeddable":true,"href":"https:\/\/cdcajasdetransmision.com\/index.php?rest_route=%2Fwp%2Fv2%2Fproduct_brand&post=391"},{"taxonomy":"product_cat","embeddable":true,"href":"https:\/\/cdcajasdetransmision.com\/index.php?rest_route=%2Fwp%2Fv2%2Fproduct_cat&post=391"},{"taxonomy":"product_tag","embeddable":true,"href":"https:\/\/cdcajasdetransmision.com\/index.php?rest_route=%2Fwp%2Fv2%2Fproduct_tag&post=391"}],"curies":[{"name":"wp","href":"https:\/\/api.w.org\/{rel}","templated":true}]}}