{"id":390,"date":"2025-12-16T14:50:16","date_gmt":"2025-12-16T14:50:16","guid":{"rendered":"https:\/\/cdcajasdetransmision.com\/?post_type=product&#038;p=390"},"modified":"2026-01-13T13:52:47","modified_gmt":"2026-01-13T13:52:47","slug":"caja-c-048-para-desmalezadora","status":"publish","type":"product","link":"https:\/\/cdcajasdetransmision.com\/?product=caja-c-048-para-desmalezadora","title":{"rendered":"Caja C-048 para Desmalezadora"},"content":{"rendered":"<p><span style=\"font-weight: 400;\">La caja C-048 se destaca por su excelente rendimiento en desmalezadoras de arrastre de hasta 1,8 m de h\u00e9lice. Dise\u00f1ada para ofrecer durabilidad y bajo mantenimiento, soporta jornadas prolongadas de trabajo.<\/span><\/p>\n<p><b>Caracter\u00edsticas:<\/b><\/p>\n<ul>\n<li style=\"font-weight: 400;\" aria-level=\"1\"><span style=\"font-weight: 400;\">Relaci\u00f3n: 1:1,5 o 1:2<\/span><\/li>\n<li style=\"font-weight: 400;\" aria-level=\"1\"><span style=\"font-weight: 400;\">Potencia m\u00e1xima: 65 HP<\/span><\/li>\n<li style=\"font-weight: 400;\" aria-level=\"1\"><span style=\"font-weight: 400;\">Versiones con eje de entrada izquierdo o derecho<\/span><\/li>\n<li style=\"font-weight: 400;\" aria-level=\"1\"><span style=\"font-weight: 400;\">Cuerpo de fundici\u00f3n de alta resistencia<\/span><span style=\"font-weight: 400;\"><br \/>\n<\/span><\/li>\n<\/ul>\n<p><b>Aplicaciones:<\/b><b><br \/>\n<\/b><span style=\"font-weight: 400;\"> Desmalezadoras de arrastre de hasta 1,80 metros de ancho de corte.<\/span><\/p>\n","protected":false},"excerpt":{"rendered":"<p>La caja C-048 se destaca por su excelente rendimiento en desmalezadoras de arrastre de hasta 1,8 m de h\u00e9lice. Dise\u00f1ada para ofrecer durabilidad y bajo mantenimiento, soporta jornadas prolongadas de trabajo. Caracter\u00edsticas: Relaci\u00f3n: 1:1,5 o 1:2 Potencia m\u00e1xima: 65 HP Versiones con eje de entrada izquierdo o derecho Cuerpo de fundici\u00f3n de alta resistencia Aplicaciones: [&hellip;]<\/p>\n","protected":false},"featured_media":406,"template":"","meta":{"_et_pb_use_builder":"","_et_pb_old_content":"","_et_gb_content_width":""},"product_brand":[],"product_cat":[29],"product_tag":[],"class_list":{"0":"post-390","1":"product","2":"type-product","3":"status-publish","4":"has-post-thumbnail","6":"product_cat-desmalezadoras","8":"first","9":"instock","10":"shipping-taxable","11":"product-type-simple"},"yoast_head":"<!-- This site is optimized with the Yoast SEO plugin v25.4 - https:\/\/yoast.com\/wordpress\/plugins\/seo\/ -->\n<title>Caja C-048 para Desmalezadora - CD Cajas de Transminsiones - GDr<\/title>\n<meta name=\"robots\" content=\"index, follow, max-snippet:-1, max-image-preview:large, max-video-preview:-1\" \/>\n<link rel=\"canonical\" href=\"https:\/\/cdcajasdetransmision.com\/?product=caja-c-048-para-desmalezadora\" \/>\n<meta property=\"og:locale\" content=\"es_ES\" \/>\n<meta property=\"og:type\" content=\"article\" \/>\n<meta property=\"og:title\" content=\"Caja C-048 para Desmalezadora - CD Cajas de Transminsiones - GDr\" \/>\n<meta property=\"og:description\" content=\"La caja C-048 se destaca por su excelente rendimiento en desmalezadoras de arrastre de hasta 1,8 m de h\u00e9lice. Dise\u00f1ada para ofrecer durabilidad y bajo mantenimiento, soporta jornadas prolongadas de trabajo. Caracter\u00edsticas: Relaci\u00f3n: 1:1,5 o 1:2 Potencia m\u00e1xima: 65 HP Versiones con eje de entrada izquierdo o derecho Cuerpo de fundici\u00f3n de alta resistencia Aplicaciones: [&hellip;]\" \/>\n<meta property=\"og:url\" content=\"https:\/\/cdcajasdetransmision.com\/?product=caja-c-048-para-desmalezadora\" \/>\n<meta property=\"og:site_name\" content=\"CD Cajas de Transminsiones - GDr\" \/>\n<meta property=\"article:modified_time\" content=\"2026-01-13T13:52:47+00:00\" \/>\n<meta property=\"og:image\" content=\"https:\/\/cdcajasdetransmision.com\/wp-content\/uploads\/2025\/12\/ChatGPT-Image-13-ene-2026-10_52_17.png\" \/>\n\t<meta property=\"og:image:width\" content=\"1536\" \/>\n\t<meta property=\"og:image:height\" content=\"1024\" \/>\n\t<meta property=\"og:image:type\" content=\"image\/png\" \/>\n<meta name=\"twitter:card\" content=\"summary_large_image\" \/>\n<meta name=\"twitter:label1\" content=\"Tiempo de lectura\" \/>\n\t<meta name=\"twitter:data1\" content=\"1 minuto\" \/>\n<script type=\"application\/ld+json\" class=\"yoast-schema-graph\">{\"@context\":\"https:\/\/schema.org\",\"@graph\":[{\"@type\":\"WebPage\",\"@id\":\"https:\/\/cdcajasdetransmision.com\/?product=caja-c-048-para-desmalezadora\",\"url\":\"https:\/\/cdcajasdetransmision.com\/?product=caja-c-048-para-desmalezadora\",\"name\":\"Caja C-048 para Desmalezadora - CD Cajas de Transminsiones - GDr\",\"isPartOf\":{\"@id\":\"https:\/\/cdcajasdetransmision.com\/#website\"},\"primaryImageOfPage\":{\"@id\":\"https:\/\/cdcajasdetransmision.com\/?product=caja-c-048-para-desmalezadora#primaryimage\"},\"image\":{\"@id\":\"https:\/\/cdcajasdetransmision.com\/?product=caja-c-048-para-desmalezadora#primaryimage\"},\"thumbnailUrl\":\"https:\/\/cdcajasdetransmision.com\/wp-content\/uploads\/2025\/12\/ChatGPT-Image-13-ene-2026-10_52_17.png\",\"datePublished\":\"2025-12-16T14:50:16+00:00\",\"dateModified\":\"2026-01-13T13:52:47+00:00\",\"breadcrumb\":{\"@id\":\"https:\/\/cdcajasdetransmision.com\/?product=caja-c-048-para-desmalezadora#breadcrumb\"},\"inLanguage\":\"es\",\"potentialAction\":[{\"@type\":\"ReadAction\",\"target\":[\"https:\/\/cdcajasdetransmision.com\/?product=caja-c-048-para-desmalezadora\"]}]},{\"@type\":\"ImageObject\",\"inLanguage\":\"es\",\"@id\":\"https:\/\/cdcajasdetransmision.com\/?product=caja-c-048-para-desmalezadora#primaryimage\",\"url\":\"https:\/\/cdcajasdetransmision.com\/wp-content\/uploads\/2025\/12\/ChatGPT-Image-13-ene-2026-10_52_17.png\",\"contentUrl\":\"https:\/\/cdcajasdetransmision.com\/wp-content\/uploads\/2025\/12\/ChatGPT-Image-13-ene-2026-10_52_17.png\",\"width\":1536,\"height\":1024},{\"@type\":\"BreadcrumbList\",\"@id\":\"https:\/\/cdcajasdetransmision.com\/?product=caja-c-048-para-desmalezadora#breadcrumb\",\"itemListElement\":[{\"@type\":\"ListItem\",\"position\":1,\"name\":\"Portada\",\"item\":\"https:\/\/cdcajasdetransmision.com\/\"},{\"@type\":\"ListItem\",\"position\":2,\"name\":\"Productos\",\"item\":\"https:\/\/cdcajasdetransmision.com\/?page_id=175\"},{\"@type\":\"ListItem\",\"position\":3,\"name\":\"Caja C-048 para Desmalezadora\"}]},{\"@type\":\"WebSite\",\"@id\":\"https:\/\/cdcajasdetransmision.com\/#website\",\"url\":\"https:\/\/cdcajasdetransmision.com\/\",\"name\":\"CD Cajas de Transminsiones - GDr\",\"description\":\"SOMOS PROVEEDORES DE INDUTRIAS METALURGICAS. FABRICANTE DE IMPLEMENTOS AGRICOLAS Y MAQUINARIAS DONDE SE REQUIERA TRANSMISION MECANICA DE POTENCIA , LINEAL O ANGULAR.\",\"potentialAction\":[{\"@type\":\"SearchAction\",\"target\":{\"@type\":\"EntryPoint\",\"urlTemplate\":\"https:\/\/cdcajasdetransmision.com\/?s={search_term_string}\"},\"query-input\":{\"@type\":\"PropertyValueSpecification\",\"valueRequired\":true,\"valueName\":\"search_term_string\"}}],\"inLanguage\":\"es\"}]}<\/script>\n<!-- \/ Yoast SEO plugin. -->","yoast_head_json":{"title":"Caja C-048 para Desmalezadora - CD Cajas de Transminsiones - GDr","robots":{"index":"index","follow":"follow","max-snippet":"max-snippet:-1","max-image-preview":"max-image-preview:large","max-video-preview":"max-video-preview:-1"},"canonical":"https:\/\/cdcajasdetransmision.com\/?product=caja-c-048-para-desmalezadora","og_locale":"es_ES","og_type":"article","og_title":"Caja C-048 para Desmalezadora - CD Cajas de Transminsiones - GDr","og_description":"La caja C-048 se destaca por su excelente rendimiento en desmalezadoras de arrastre de hasta 1,8 m de h\u00e9lice. Dise\u00f1ada para ofrecer durabilidad y bajo mantenimiento, soporta jornadas prolongadas de trabajo. Caracter\u00edsticas: Relaci\u00f3n: 1:1,5 o 1:2 Potencia m\u00e1xima: 65 HP Versiones con eje de entrada izquierdo o derecho Cuerpo de fundici\u00f3n de alta resistencia Aplicaciones: [&hellip;]","og_url":"https:\/\/cdcajasdetransmision.com\/?product=caja-c-048-para-desmalezadora","og_site_name":"CD Cajas de Transminsiones - GDr","article_modified_time":"2026-01-13T13:52:47+00:00","og_image":[{"width":1536,"height":1024,"url":"https:\/\/cdcajasdetransmision.com\/wp-content\/uploads\/2025\/12\/ChatGPT-Image-13-ene-2026-10_52_17.png","type":"image\/png"}],"twitter_card":"summary_large_image","twitter_misc":{"Tiempo de lectura":"1 minuto"},"schema":{"@context":"https:\/\/schema.org","@graph":[{"@type":"WebPage","@id":"https:\/\/cdcajasdetransmision.com\/?product=caja-c-048-para-desmalezadora","url":"https:\/\/cdcajasdetransmision.com\/?product=caja-c-048-para-desmalezadora","name":"Caja C-048 para Desmalezadora - CD Cajas de Transminsiones - GDr","isPartOf":{"@id":"https:\/\/cdcajasdetransmision.com\/#website"},"primaryImageOfPage":{"@id":"https:\/\/cdcajasdetransmision.com\/?product=caja-c-048-para-desmalezadora#primaryimage"},"image":{"@id":"https:\/\/cdcajasdetransmision.com\/?product=caja-c-048-para-desmalezadora#primaryimage"},"thumbnailUrl":"https:\/\/cdcajasdetransmision.com\/wp-content\/uploads\/2025\/12\/ChatGPT-Image-13-ene-2026-10_52_17.png","datePublished":"2025-12-16T14:50:16+00:00","dateModified":"2026-01-13T13:52:47+00:00","breadcrumb":{"@id":"https:\/\/cdcajasdetransmision.com\/?product=caja-c-048-para-desmalezadora#breadcrumb"},"inLanguage":"es","potentialAction":[{"@type":"ReadAction","target":["https:\/\/cdcajasdetransmision.com\/?product=caja-c-048-para-desmalezadora"]}]},{"@type":"ImageObject","inLanguage":"es","@id":"https:\/\/cdcajasdetransmision.com\/?product=caja-c-048-para-desmalezadora#primaryimage","url":"https:\/\/cdcajasdetransmision.com\/wp-content\/uploads\/2025\/12\/ChatGPT-Image-13-ene-2026-10_52_17.png","contentUrl":"https:\/\/cdcajasdetransmision.com\/wp-content\/uploads\/2025\/12\/ChatGPT-Image-13-ene-2026-10_52_17.png","width":1536,"height":1024},{"@type":"BreadcrumbList","@id":"https:\/\/cdcajasdetransmision.com\/?product=caja-c-048-para-desmalezadora#breadcrumb","itemListElement":[{"@type":"ListItem","position":1,"name":"Portada","item":"https:\/\/cdcajasdetransmision.com\/"},{"@type":"ListItem","position":2,"name":"Productos","item":"https:\/\/cdcajasdetransmision.com\/?page_id=175"},{"@type":"ListItem","position":3,"name":"Caja C-048 para Desmalezadora"}]},{"@type":"WebSite","@id":"https:\/\/cdcajasdetransmision.com\/#website","url":"https:\/\/cdcajasdetransmision.com\/","name":"CD Cajas de Transminsiones - GDr","description":"SOMOS PROVEEDORES DE INDUTRIAS METALURGICAS. FABRICANTE DE IMPLEMENTOS AGRICOLAS Y MAQUINARIAS DONDE SE REQUIERA TRANSMISION MECANICA DE POTENCIA , LINEAL O ANGULAR.","potentialAction":[{"@type":"SearchAction","target":{"@type":"EntryPoint","urlTemplate":"https:\/\/cdcajasdetransmision.com\/?s={search_term_string}"},"query-input":{"@type":"PropertyValueSpecification","valueRequired":true,"valueName":"search_term_string"}}],"inLanguage":"es"}]}},"_links":{"self":[{"href":"https:\/\/cdcajasdetransmision.com\/index.php?rest_route=\/wp\/v2\/product\/390","targetHints":{"allow":["GET"]}}],"collection":[{"href":"https:\/\/cdcajasdetransmision.com\/index.php?rest_route=\/wp\/v2\/product"}],"about":[{"href":"https:\/\/cdcajasdetransmision.com\/index.php?rest_route=\/wp\/v2\/types\/product"}],"wp:featuredmedia":[{"embeddable":true,"href":"https:\/\/cdcajasdetransmision.com\/index.php?rest_route=\/wp\/v2\/media\/406"}],"wp:attachment":[{"href":"https:\/\/cdcajasdetransmision.com\/index.php?rest_route=%2Fwp%2Fv2%2Fmedia&parent=390"}],"wp:term":[{"taxonomy":"product_brand","embeddable":true,"href":"https:\/\/cdcajasdetransmision.com\/index.php?rest_route=%2Fwp%2Fv2%2Fproduct_brand&post=390"},{"taxonomy":"product_cat","embeddable":true,"href":"https:\/\/cdcajasdetransmision.com\/index.php?rest_route=%2Fwp%2Fv2%2Fproduct_cat&post=390"},{"taxonomy":"product_tag","embeddable":true,"href":"https:\/\/cdcajasdetransmision.com\/index.php?rest_route=%2Fwp%2Fv2%2Fproduct_tag&post=390"}],"curies":[{"name":"wp","href":"https:\/\/api.w.org\/{rel}","templated":true}]}}