{"id":389,"date":"2025-12-11T14:05:54","date_gmt":"2025-12-11T14:05:54","guid":{"rendered":"https:\/\/cdcajasdetransmision.com\/?post_type=product&#038;p=389"},"modified":"2026-01-08T13:39:17","modified_gmt":"2026-01-08T13:39:17","slug":"caja-b-073-para-tolva-autodescargable","status":"publish","type":"product","link":"https:\/\/cdcajasdetransmision.com\/?product=caja-b-073-para-tolva-autodescargable","title":{"rendered":"Caja B-073 para Tolva Autodescargable"},"content":{"rendered":"<p><span style=\"font-weight: 400;\">La caja B-073 es una de las m\u00e1s utilizadas en tolvas autodescargables. Su dise\u00f1o robusto y confiable asegura una transmisi\u00f3n de potencia estable para el movimiento del sinf\u00edn de descargas. Es adaptable a distintos modelos y tama\u00f1os de tolvas, garantizando larga vida \u00fatil y bajo mantenimiento.<\/span><\/p>\n<p><b>Caracter\u00edsticas:<\/b><\/p>\n<ul>\n<li style=\"font-weight: 400;\" aria-level=\"1\"><span style=\"font-weight: 400;\">Relaci\u00f3n: 1:1<\/span><span style=\"font-weight: 400;\"><br \/>\n<\/span><\/li>\n<li style=\"font-weight: 400;\" aria-level=\"1\"><span style=\"font-weight: 400;\">Potencia m\u00e1xima: 45 HP<\/span><span style=\"font-weight: 400;\"><br \/>\n<\/span><\/li>\n<li style=\"font-weight: 400;\" aria-level=\"1\"><span style=\"font-weight: 400;\">Modelos: 730-AA-00 (con tapa) y 732-AA-00 (con brida)<\/span><span style=\"font-weight: 400;\"><br \/>\n<\/span><\/li>\n<li style=\"font-weight: 400;\" aria-level=\"1\"><span style=\"font-weight: 400;\">Cuerpo de fundici\u00f3n nodular resistente al desgaste<\/span><span style=\"font-weight: 400;\"><br \/>\n<\/span><\/li>\n<\/ul>\n<p><b>Aplicaciones:<\/b><b><br \/>\n<\/b><span style=\"font-weight: 400;\"> Tolvas autodescargables con tubo de descarga de hasta 400 mm de di\u00e1metro.<\/span><\/p>\n<p>&nbsp;<\/p>\n","protected":false},"excerpt":{"rendered":"<p>La caja B-073 es una de las m\u00e1s utilizadas en tolvas autodescargables. Su dise\u00f1o robusto y confiable asegura una transmisi\u00f3n de potencia estable para el movimiento del sinf\u00edn de descargas. Es adaptable a distintos modelos y tama\u00f1os de tolvas, garantizando larga vida \u00fatil y bajo mantenimiento. Caracter\u00edsticas: Relaci\u00f3n: 1:1 Potencia m\u00e1xima: 45 HP Modelos: 730-AA-00 [&hellip;]<\/p>\n","protected":false},"featured_media":404,"template":"","meta":{"_et_pb_use_builder":"","_et_pb_old_content":"","_et_gb_content_width":""},"product_brand":[],"product_cat":[36],"product_tag":[],"class_list":{"0":"post-389","1":"product","2":"type-product","3":"status-publish","4":"has-post-thumbnail","6":"product_cat-tolvas","8":"first","9":"instock","10":"shipping-taxable","11":"product-type-simple"},"yoast_head":"<!-- This site is optimized with the Yoast SEO plugin v25.4 - https:\/\/yoast.com\/wordpress\/plugins\/seo\/ -->\n<title>Caja B-073 para Tolva Autodescargable - CD Cajas de Transminsiones - GDr<\/title>\n<meta name=\"robots\" content=\"index, follow, max-snippet:-1, max-image-preview:large, max-video-preview:-1\" \/>\n<link rel=\"canonical\" href=\"https:\/\/cdcajasdetransmision.com\/?product=caja-b-073-para-tolva-autodescargable\" \/>\n<meta property=\"og:locale\" content=\"es_ES\" \/>\n<meta property=\"og:type\" content=\"article\" \/>\n<meta property=\"og:title\" content=\"Caja B-073 para Tolva Autodescargable - CD Cajas de Transminsiones - GDr\" \/>\n<meta property=\"og:description\" content=\"La caja B-073 es una de las m\u00e1s utilizadas en tolvas autodescargables. Su dise\u00f1o robusto y confiable asegura una transmisi\u00f3n de potencia estable para el movimiento del sinf\u00edn de descargas. Es adaptable a distintos modelos y tama\u00f1os de tolvas, garantizando larga vida \u00fatil y bajo mantenimiento. Caracter\u00edsticas: Relaci\u00f3n: 1:1 Potencia m\u00e1xima: 45 HP Modelos: 730-AA-00 [&hellip;]\" \/>\n<meta property=\"og:url\" content=\"https:\/\/cdcajasdetransmision.com\/?product=caja-b-073-para-tolva-autodescargable\" \/>\n<meta property=\"og:site_name\" content=\"CD Cajas de Transminsiones - GDr\" \/>\n<meta property=\"article:modified_time\" content=\"2026-01-08T13:39:17+00:00\" \/>\n<meta property=\"og:image\" content=\"https:\/\/cdcajasdetransmision.com\/wp-content\/uploads\/2025\/12\/ChatGPT-Image-8-ene-2026-10_39_12.png\" \/>\n\t<meta property=\"og:image:width\" content=\"1536\" \/>\n\t<meta property=\"og:image:height\" content=\"1024\" \/>\n\t<meta property=\"og:image:type\" content=\"image\/png\" \/>\n<meta name=\"twitter:card\" content=\"summary_large_image\" \/>\n<meta name=\"twitter:label1\" content=\"Tiempo de lectura\" \/>\n\t<meta name=\"twitter:data1\" content=\"1 minuto\" \/>\n<script type=\"application\/ld+json\" class=\"yoast-schema-graph\">{\"@context\":\"https:\/\/schema.org\",\"@graph\":[{\"@type\":\"WebPage\",\"@id\":\"https:\/\/cdcajasdetransmision.com\/?product=caja-b-073-para-tolva-autodescargable\",\"url\":\"https:\/\/cdcajasdetransmision.com\/?product=caja-b-073-para-tolva-autodescargable\",\"name\":\"Caja B-073 para Tolva Autodescargable - CD Cajas de Transminsiones - GDr\",\"isPartOf\":{\"@id\":\"https:\/\/cdcajasdetransmision.com\/#website\"},\"primaryImageOfPage\":{\"@id\":\"https:\/\/cdcajasdetransmision.com\/?product=caja-b-073-para-tolva-autodescargable#primaryimage\"},\"image\":{\"@id\":\"https:\/\/cdcajasdetransmision.com\/?product=caja-b-073-para-tolva-autodescargable#primaryimage\"},\"thumbnailUrl\":\"https:\/\/cdcajasdetransmision.com\/wp-content\/uploads\/2025\/12\/ChatGPT-Image-8-ene-2026-10_39_12.png\",\"datePublished\":\"2025-12-11T14:05:54+00:00\",\"dateModified\":\"2026-01-08T13:39:17+00:00\",\"breadcrumb\":{\"@id\":\"https:\/\/cdcajasdetransmision.com\/?product=caja-b-073-para-tolva-autodescargable#breadcrumb\"},\"inLanguage\":\"es\",\"potentialAction\":[{\"@type\":\"ReadAction\",\"target\":[\"https:\/\/cdcajasdetransmision.com\/?product=caja-b-073-para-tolva-autodescargable\"]}]},{\"@type\":\"ImageObject\",\"inLanguage\":\"es\",\"@id\":\"https:\/\/cdcajasdetransmision.com\/?product=caja-b-073-para-tolva-autodescargable#primaryimage\",\"url\":\"https:\/\/cdcajasdetransmision.com\/wp-content\/uploads\/2025\/12\/ChatGPT-Image-8-ene-2026-10_39_12.png\",\"contentUrl\":\"https:\/\/cdcajasdetransmision.com\/wp-content\/uploads\/2025\/12\/ChatGPT-Image-8-ene-2026-10_39_12.png\",\"width\":1536,\"height\":1024},{\"@type\":\"BreadcrumbList\",\"@id\":\"https:\/\/cdcajasdetransmision.com\/?product=caja-b-073-para-tolva-autodescargable#breadcrumb\",\"itemListElement\":[{\"@type\":\"ListItem\",\"position\":1,\"name\":\"Portada\",\"item\":\"https:\/\/cdcajasdetransmision.com\/\"},{\"@type\":\"ListItem\",\"position\":2,\"name\":\"Productos\",\"item\":\"https:\/\/cdcajasdetransmision.com\/?page_id=175\"},{\"@type\":\"ListItem\",\"position\":3,\"name\":\"Caja B-073 para Tolva Autodescargable\"}]},{\"@type\":\"WebSite\",\"@id\":\"https:\/\/cdcajasdetransmision.com\/#website\",\"url\":\"https:\/\/cdcajasdetransmision.com\/\",\"name\":\"CD Cajas de Transminsiones - GDr\",\"description\":\"SOMOS PROVEEDORES DE INDUTRIAS METALURGICAS. FABRICANTE DE IMPLEMENTOS AGRICOLAS Y MAQUINARIAS DONDE SE REQUIERA TRANSMISION MECANICA DE POTENCIA , LINEAL O ANGULAR.\",\"potentialAction\":[{\"@type\":\"SearchAction\",\"target\":{\"@type\":\"EntryPoint\",\"urlTemplate\":\"https:\/\/cdcajasdetransmision.com\/?s={search_term_string}\"},\"query-input\":{\"@type\":\"PropertyValueSpecification\",\"valueRequired\":true,\"valueName\":\"search_term_string\"}}],\"inLanguage\":\"es\"}]}<\/script>\n<!-- \/ Yoast SEO plugin. -->","yoast_head_json":{"title":"Caja B-073 para Tolva Autodescargable - CD Cajas de Transminsiones - GDr","robots":{"index":"index","follow":"follow","max-snippet":"max-snippet:-1","max-image-preview":"max-image-preview:large","max-video-preview":"max-video-preview:-1"},"canonical":"https:\/\/cdcajasdetransmision.com\/?product=caja-b-073-para-tolva-autodescargable","og_locale":"es_ES","og_type":"article","og_title":"Caja B-073 para Tolva Autodescargable - CD Cajas de Transminsiones - GDr","og_description":"La caja B-073 es una de las m\u00e1s utilizadas en tolvas autodescargables. Su dise\u00f1o robusto y confiable asegura una transmisi\u00f3n de potencia estable para el movimiento del sinf\u00edn de descargas. Es adaptable a distintos modelos y tama\u00f1os de tolvas, garantizando larga vida \u00fatil y bajo mantenimiento. Caracter\u00edsticas: Relaci\u00f3n: 1:1 Potencia m\u00e1xima: 45 HP Modelos: 730-AA-00 [&hellip;]","og_url":"https:\/\/cdcajasdetransmision.com\/?product=caja-b-073-para-tolva-autodescargable","og_site_name":"CD Cajas de Transminsiones - GDr","article_modified_time":"2026-01-08T13:39:17+00:00","og_image":[{"width":1536,"height":1024,"url":"https:\/\/cdcajasdetransmision.com\/wp-content\/uploads\/2025\/12\/ChatGPT-Image-8-ene-2026-10_39_12.png","type":"image\/png"}],"twitter_card":"summary_large_image","twitter_misc":{"Tiempo de lectura":"1 minuto"},"schema":{"@context":"https:\/\/schema.org","@graph":[{"@type":"WebPage","@id":"https:\/\/cdcajasdetransmision.com\/?product=caja-b-073-para-tolva-autodescargable","url":"https:\/\/cdcajasdetransmision.com\/?product=caja-b-073-para-tolva-autodescargable","name":"Caja B-073 para Tolva Autodescargable - CD Cajas de Transminsiones - GDr","isPartOf":{"@id":"https:\/\/cdcajasdetransmision.com\/#website"},"primaryImageOfPage":{"@id":"https:\/\/cdcajasdetransmision.com\/?product=caja-b-073-para-tolva-autodescargable#primaryimage"},"image":{"@id":"https:\/\/cdcajasdetransmision.com\/?product=caja-b-073-para-tolva-autodescargable#primaryimage"},"thumbnailUrl":"https:\/\/cdcajasdetransmision.com\/wp-content\/uploads\/2025\/12\/ChatGPT-Image-8-ene-2026-10_39_12.png","datePublished":"2025-12-11T14:05:54+00:00","dateModified":"2026-01-08T13:39:17+00:00","breadcrumb":{"@id":"https:\/\/cdcajasdetransmision.com\/?product=caja-b-073-para-tolva-autodescargable#breadcrumb"},"inLanguage":"es","potentialAction":[{"@type":"ReadAction","target":["https:\/\/cdcajasdetransmision.com\/?product=caja-b-073-para-tolva-autodescargable"]}]},{"@type":"ImageObject","inLanguage":"es","@id":"https:\/\/cdcajasdetransmision.com\/?product=caja-b-073-para-tolva-autodescargable#primaryimage","url":"https:\/\/cdcajasdetransmision.com\/wp-content\/uploads\/2025\/12\/ChatGPT-Image-8-ene-2026-10_39_12.png","contentUrl":"https:\/\/cdcajasdetransmision.com\/wp-content\/uploads\/2025\/12\/ChatGPT-Image-8-ene-2026-10_39_12.png","width":1536,"height":1024},{"@type":"BreadcrumbList","@id":"https:\/\/cdcajasdetransmision.com\/?product=caja-b-073-para-tolva-autodescargable#breadcrumb","itemListElement":[{"@type":"ListItem","position":1,"name":"Portada","item":"https:\/\/cdcajasdetransmision.com\/"},{"@type":"ListItem","position":2,"name":"Productos","item":"https:\/\/cdcajasdetransmision.com\/?page_id=175"},{"@type":"ListItem","position":3,"name":"Caja B-073 para Tolva Autodescargable"}]},{"@type":"WebSite","@id":"https:\/\/cdcajasdetransmision.com\/#website","url":"https:\/\/cdcajasdetransmision.com\/","name":"CD Cajas de Transminsiones - GDr","description":"SOMOS PROVEEDORES DE INDUTRIAS METALURGICAS. FABRICANTE DE IMPLEMENTOS AGRICOLAS Y MAQUINARIAS DONDE SE REQUIERA TRANSMISION MECANICA DE POTENCIA , LINEAL O ANGULAR.","potentialAction":[{"@type":"SearchAction","target":{"@type":"EntryPoint","urlTemplate":"https:\/\/cdcajasdetransmision.com\/?s={search_term_string}"},"query-input":{"@type":"PropertyValueSpecification","valueRequired":true,"valueName":"search_term_string"}}],"inLanguage":"es"}]}},"_links":{"self":[{"href":"https:\/\/cdcajasdetransmision.com\/index.php?rest_route=\/wp\/v2\/product\/389","targetHints":{"allow":["GET"]}}],"collection":[{"href":"https:\/\/cdcajasdetransmision.com\/index.php?rest_route=\/wp\/v2\/product"}],"about":[{"href":"https:\/\/cdcajasdetransmision.com\/index.php?rest_route=\/wp\/v2\/types\/product"}],"wp:featuredmedia":[{"embeddable":true,"href":"https:\/\/cdcajasdetransmision.com\/index.php?rest_route=\/wp\/v2\/media\/404"}],"wp:attachment":[{"href":"https:\/\/cdcajasdetransmision.com\/index.php?rest_route=%2Fwp%2Fv2%2Fmedia&parent=389"}],"wp:term":[{"taxonomy":"product_brand","embeddable":true,"href":"https:\/\/cdcajasdetransmision.com\/index.php?rest_route=%2Fwp%2Fv2%2Fproduct_brand&post=389"},{"taxonomy":"product_cat","embeddable":true,"href":"https:\/\/cdcajasdetransmision.com\/index.php?rest_route=%2Fwp%2Fv2%2Fproduct_cat&post=389"},{"taxonomy":"product_tag","embeddable":true,"href":"https:\/\/cdcajasdetransmision.com\/index.php?rest_route=%2Fwp%2Fv2%2Fproduct_tag&post=389"}],"curies":[{"name":"wp","href":"https:\/\/api.w.org\/{rel}","templated":true}]}}