{"id":382,"date":"2025-12-11T13:36:34","date_gmt":"2025-12-11T13:36:34","guid":{"rendered":"https:\/\/cdcajasdetransmision.com\/?post_type=product&#038;p=382"},"modified":"2025-12-11T13:36:34","modified_gmt":"2025-12-11T13:36:34","slug":"caja-rc-01-cabezal-a-cadena-para-chimango","status":"publish","type":"product","link":"https:\/\/cdcajasdetransmision.com\/?product=caja-rc-01-cabezal-a-cadena-para-chimango","title":{"rendered":"Caja RC-01 (Cabezal a Cadena para Chimango)"},"content":{"rendered":"<p><span style=\"font-weight: 400;\">La caja RC-01 es un cabezal a cadena dise\u00f1ado para distintos modelos de chimangos o elevadores de granos. Su sistema compacto permite una transmisi\u00f3n suave y silenciosa, adapt\u00e1ndose a diversos di\u00e1metros de tubo.<\/span><\/p>\n<p><b>Caracter\u00edsticas:<\/b><\/p>\n<ul>\n<li style=\"font-weight: 400;\" aria-level=\"1\"><span style=\"font-weight: 400;\">Relaci\u00f3n: 1:2,1<\/span><span style=\"font-weight: 400;\"><br \/>\n<\/span><\/li>\n<li style=\"font-weight: 400;\" aria-level=\"1\"><span style=\"font-weight: 400;\">Potencia: 25 a 35 HP<\/span><span style=\"font-weight: 400;\"><br \/>\n<\/span><\/li>\n<li style=\"font-weight: 400;\" aria-level=\"1\"><span style=\"font-weight: 400;\">Aplicable a tubos de 160, 190 y 220 mm<\/span><span style=\"font-weight: 400;\"><br \/>\n<\/span><\/li>\n<li style=\"font-weight: 400;\" aria-level=\"1\"><span style=\"font-weight: 400;\">Cuerpo reforzado y f\u00e1cil mantenimiento<\/span><span style=\"font-weight: 400;\"><br \/>\n<\/span><\/li>\n<\/ul>\n<p><b>Aplicaciones:<\/b><b><br \/>\n<\/b><span style=\"font-weight: 400;\"> Cabezal de transmisi\u00f3n para chimangos de distintos tama\u00f1os y longitudes.<\/span><\/p>\n<p>&nbsp;<\/p>\n","protected":false},"excerpt":{"rendered":"<p>La caja RC-01 es un cabezal a cadena dise\u00f1ado para distintos modelos de chimangos o elevadores de granos. Su sistema compacto permite una transmisi\u00f3n suave y silenciosa, adapt\u00e1ndose a diversos di\u00e1metros de tubo. Caracter\u00edsticas: Relaci\u00f3n: 1:2,1 Potencia: 25 a 35 HP Aplicable a tubos de 160, 190 y 220 mm Cuerpo reforzado y f\u00e1cil mantenimiento [&hellip;]<\/p>\n","protected":false},"featured_media":0,"template":"","meta":{"_et_pb_use_builder":"","_et_pb_old_content":"","_et_gb_content_width":""},"product_brand":[],"product_cat":[35],"product_tag":[],"class_list":{"0":"post-382","1":"product","2":"type-product","3":"status-publish","5":"product_cat-extractores-cargadores-de-granos","7":"first","8":"instock","9":"shipping-taxable","10":"product-type-simple"},"yoast_head":"<!-- This site is optimized with the Yoast SEO plugin v25.4 - https:\/\/yoast.com\/wordpress\/plugins\/seo\/ -->\n<title>Caja RC-01 (Cabezal a Cadena para Chimango) - CD Cajas de Transminsiones - GDr<\/title>\n<meta name=\"robots\" content=\"index, follow, max-snippet:-1, max-image-preview:large, max-video-preview:-1\" \/>\n<link rel=\"canonical\" href=\"https:\/\/cdcajasdetransmision.com\/?product=caja-rc-01-cabezal-a-cadena-para-chimango\" \/>\n<meta property=\"og:locale\" content=\"es_ES\" \/>\n<meta property=\"og:type\" content=\"article\" \/>\n<meta property=\"og:title\" content=\"Caja RC-01 (Cabezal a Cadena para Chimango) - CD Cajas de Transminsiones - GDr\" \/>\n<meta property=\"og:description\" content=\"La caja RC-01 es un cabezal a cadena dise\u00f1ado para distintos modelos de chimangos o elevadores de granos. Su sistema compacto permite una transmisi\u00f3n suave y silenciosa, adapt\u00e1ndose a diversos di\u00e1metros de tubo. Caracter\u00edsticas: Relaci\u00f3n: 1:2,1 Potencia: 25 a 35 HP Aplicable a tubos de 160, 190 y 220 mm Cuerpo reforzado y f\u00e1cil mantenimiento [&hellip;]\" \/>\n<meta property=\"og:url\" content=\"https:\/\/cdcajasdetransmision.com\/?product=caja-rc-01-cabezal-a-cadena-para-chimango\" \/>\n<meta property=\"og:site_name\" content=\"CD Cajas de Transminsiones - GDr\" \/>\n<meta name=\"twitter:card\" content=\"summary_large_image\" \/>\n<meta name=\"twitter:label1\" content=\"Tiempo de lectura\" \/>\n\t<meta name=\"twitter:data1\" content=\"1 minuto\" \/>\n<script type=\"application\/ld+json\" class=\"yoast-schema-graph\">{\"@context\":\"https:\/\/schema.org\",\"@graph\":[{\"@type\":\"WebPage\",\"@id\":\"https:\/\/cdcajasdetransmision.com\/?product=caja-rc-01-cabezal-a-cadena-para-chimango\",\"url\":\"https:\/\/cdcajasdetransmision.com\/?product=caja-rc-01-cabezal-a-cadena-para-chimango\",\"name\":\"Caja RC-01 (Cabezal a Cadena para Chimango) - CD Cajas de Transminsiones - GDr\",\"isPartOf\":{\"@id\":\"https:\/\/cdcajasdetransmision.com\/#website\"},\"datePublished\":\"2025-12-11T13:36:34+00:00\",\"breadcrumb\":{\"@id\":\"https:\/\/cdcajasdetransmision.com\/?product=caja-rc-01-cabezal-a-cadena-para-chimango#breadcrumb\"},\"inLanguage\":\"es\",\"potentialAction\":[{\"@type\":\"ReadAction\",\"target\":[\"https:\/\/cdcajasdetransmision.com\/?product=caja-rc-01-cabezal-a-cadena-para-chimango\"]}]},{\"@type\":\"BreadcrumbList\",\"@id\":\"https:\/\/cdcajasdetransmision.com\/?product=caja-rc-01-cabezal-a-cadena-para-chimango#breadcrumb\",\"itemListElement\":[{\"@type\":\"ListItem\",\"position\":1,\"name\":\"Portada\",\"item\":\"https:\/\/cdcajasdetransmision.com\/\"},{\"@type\":\"ListItem\",\"position\":2,\"name\":\"Productos\",\"item\":\"https:\/\/cdcajasdetransmision.com\/?page_id=175\"},{\"@type\":\"ListItem\",\"position\":3,\"name\":\"Caja RC-01 (Cabezal a Cadena para Chimango)\"}]},{\"@type\":\"WebSite\",\"@id\":\"https:\/\/cdcajasdetransmision.com\/#website\",\"url\":\"https:\/\/cdcajasdetransmision.com\/\",\"name\":\"CD Cajas de Transminsiones - GDr\",\"description\":\"SOMOS PROVEEDORES DE INDUTRIAS METALURGICAS. FABRICANTE DE IMPLEMENTOS AGRICOLAS Y MAQUINARIAS DONDE SE REQUIERA TRANSMISION MECANICA DE POTENCIA , LINEAL O ANGULAR.\",\"potentialAction\":[{\"@type\":\"SearchAction\",\"target\":{\"@type\":\"EntryPoint\",\"urlTemplate\":\"https:\/\/cdcajasdetransmision.com\/?s={search_term_string}\"},\"query-input\":{\"@type\":\"PropertyValueSpecification\",\"valueRequired\":true,\"valueName\":\"search_term_string\"}}],\"inLanguage\":\"es\"}]}<\/script>\n<!-- \/ Yoast SEO plugin. -->","yoast_head_json":{"title":"Caja RC-01 (Cabezal a Cadena para Chimango) - CD Cajas de Transminsiones - GDr","robots":{"index":"index","follow":"follow","max-snippet":"max-snippet:-1","max-image-preview":"max-image-preview:large","max-video-preview":"max-video-preview:-1"},"canonical":"https:\/\/cdcajasdetransmision.com\/?product=caja-rc-01-cabezal-a-cadena-para-chimango","og_locale":"es_ES","og_type":"article","og_title":"Caja RC-01 (Cabezal a Cadena para Chimango) - CD Cajas de Transminsiones - GDr","og_description":"La caja RC-01 es un cabezal a cadena dise\u00f1ado para distintos modelos de chimangos o elevadores de granos. Su sistema compacto permite una transmisi\u00f3n suave y silenciosa, adapt\u00e1ndose a diversos di\u00e1metros de tubo. Caracter\u00edsticas: Relaci\u00f3n: 1:2,1 Potencia: 25 a 35 HP Aplicable a tubos de 160, 190 y 220 mm Cuerpo reforzado y f\u00e1cil mantenimiento [&hellip;]","og_url":"https:\/\/cdcajasdetransmision.com\/?product=caja-rc-01-cabezal-a-cadena-para-chimango","og_site_name":"CD Cajas de Transminsiones - GDr","twitter_card":"summary_large_image","twitter_misc":{"Tiempo de lectura":"1 minuto"},"schema":{"@context":"https:\/\/schema.org","@graph":[{"@type":"WebPage","@id":"https:\/\/cdcajasdetransmision.com\/?product=caja-rc-01-cabezal-a-cadena-para-chimango","url":"https:\/\/cdcajasdetransmision.com\/?product=caja-rc-01-cabezal-a-cadena-para-chimango","name":"Caja RC-01 (Cabezal a Cadena para Chimango) - CD Cajas de Transminsiones - GDr","isPartOf":{"@id":"https:\/\/cdcajasdetransmision.com\/#website"},"datePublished":"2025-12-11T13:36:34+00:00","breadcrumb":{"@id":"https:\/\/cdcajasdetransmision.com\/?product=caja-rc-01-cabezal-a-cadena-para-chimango#breadcrumb"},"inLanguage":"es","potentialAction":[{"@type":"ReadAction","target":["https:\/\/cdcajasdetransmision.com\/?product=caja-rc-01-cabezal-a-cadena-para-chimango"]}]},{"@type":"BreadcrumbList","@id":"https:\/\/cdcajasdetransmision.com\/?product=caja-rc-01-cabezal-a-cadena-para-chimango#breadcrumb","itemListElement":[{"@type":"ListItem","position":1,"name":"Portada","item":"https:\/\/cdcajasdetransmision.com\/"},{"@type":"ListItem","position":2,"name":"Productos","item":"https:\/\/cdcajasdetransmision.com\/?page_id=175"},{"@type":"ListItem","position":3,"name":"Caja RC-01 (Cabezal a Cadena para Chimango)"}]},{"@type":"WebSite","@id":"https:\/\/cdcajasdetransmision.com\/#website","url":"https:\/\/cdcajasdetransmision.com\/","name":"CD Cajas de Transminsiones - GDr","description":"SOMOS PROVEEDORES DE INDUTRIAS METALURGICAS. FABRICANTE DE IMPLEMENTOS AGRICOLAS Y MAQUINARIAS DONDE SE REQUIERA TRANSMISION MECANICA DE POTENCIA , LINEAL O ANGULAR.","potentialAction":[{"@type":"SearchAction","target":{"@type":"EntryPoint","urlTemplate":"https:\/\/cdcajasdetransmision.com\/?s={search_term_string}"},"query-input":{"@type":"PropertyValueSpecification","valueRequired":true,"valueName":"search_term_string"}}],"inLanguage":"es"}]}},"_links":{"self":[{"href":"https:\/\/cdcajasdetransmision.com\/index.php?rest_route=\/wp\/v2\/product\/382","targetHints":{"allow":["GET"]}}],"collection":[{"href":"https:\/\/cdcajasdetransmision.com\/index.php?rest_route=\/wp\/v2\/product"}],"about":[{"href":"https:\/\/cdcajasdetransmision.com\/index.php?rest_route=\/wp\/v2\/types\/product"}],"wp:attachment":[{"href":"https:\/\/cdcajasdetransmision.com\/index.php?rest_route=%2Fwp%2Fv2%2Fmedia&parent=382"}],"wp:term":[{"taxonomy":"product_brand","embeddable":true,"href":"https:\/\/cdcajasdetransmision.com\/index.php?rest_route=%2Fwp%2Fv2%2Fproduct_brand&post=382"},{"taxonomy":"product_cat","embeddable":true,"href":"https:\/\/cdcajasdetransmision.com\/index.php?rest_route=%2Fwp%2Fv2%2Fproduct_cat&post=382"},{"taxonomy":"product_tag","embeddable":true,"href":"https:\/\/cdcajasdetransmision.com\/index.php?rest_route=%2Fwp%2Fv2%2Fproduct_tag&post=382"}],"curies":[{"name":"wp","href":"https:\/\/api.w.org\/{rel}","templated":true}]}}